{"id":6707,"date":"2021-11-20T20:05:16","date_gmt":"2021-11-20T20:05:16","guid":{"rendered":"https:\/\/www.ingilizcemakaleyazimi.com\/?page_id=6707"},"modified":"2021-12-29T17:39:18","modified_gmt":"2021-12-29T17:39:18","slug":"bolum-6-etikle-ilgili-konular","status":"publish","type":"page","link":"https:\/\/www.ingilizcemakaleyazimi.com\/?page_id=6707","title":{"rendered":"B\u00f6l\u00fcm 6: Etikle \u0130lgili Konular"},"content":{"rendered":"<p style=\"text-align: center;\"><span style=\"color: #ff0000;\"><strong>SAYFA YAPIM A\u015eAMASINDA. HEN\u00dcZ SON HAL\u0130N\u0130 ALMADI.<\/strong><\/span><\/p>\n","protected":false},"excerpt":{"rendered":"<p>SAYFA YAPIM A\u015eAMASINDA. HEN\u00dcZ SON HAL\u0130N\u0130 ALMADI.<\/p>\n","protected":false},"author":1,"featured_media":0,"parent":0,"menu_order":0,"comment_status":"closed","ping_status":"closed","template":"","meta":{"footnotes":""},"class_list":["post-6707","page","type-page","status-publish","hentry"],"jetpack_sharing_enabled":true,"_links":{"self":[{"href":"https:\/\/www.ingilizcemakaleyazimi.com\/index.php?rest_route=\/wp\/v2\/pages\/6707","targetHints":{"allow":["GET"]}}],"collection":[{"href":"https:\/\/www.ingilizcemakaleyazimi.com\/index.php?rest_route=\/wp\/v2\/pages"}],"about":[{"href":"https:\/\/www.ingilizcemakaleyazimi.com\/index.php?rest_route=\/wp\/v2\/types\/page"}],"author":[{"embeddable":true,"href":"https:\/\/www.ingilizcemakaleyazimi.com\/index.php?rest_route=\/wp\/v2\/users\/1"}],"replies":[{"embeddable":true,"href":"https:\/\/www.ingilizcemakaleyazimi.com\/index.php?rest_route=%2Fwp%2Fv2%2Fcomments&post=6707"}],"version-history":[{"count":3,"href":"https:\/\/www.ingilizcemakaleyazimi.com\/index.php?rest_route=\/wp\/v2\/pages\/6707\/revisions"}],"predecessor-version":[{"id":6966,"href":"https:\/\/www.ingilizcemakaleyazimi.com\/index.php?rest_route=\/wp\/v2\/pages\/6707\/revisions\/6966"}],"wp:attachment":[{"href":"https:\/\/www.ingilizcemakaleyazimi.com\/index.php?rest_route=%2Fwp%2Fv2%2Fmedia&parent=6707"}],"curies":[{"name":"wp","href":"https:\/\/api.w.org\/{rel}","templated":true}]}}