{"id":6703,"date":"2021-11-20T20:03:01","date_gmt":"2021-11-20T20:03:01","guid":{"rendered":"https:\/\/www.ingilizcemakaleyazimi.com\/?page_id=6703"},"modified":"2022-02-27T12:19:43","modified_gmt":"2022-02-27T12:19:43","slug":"bolum-4-makalenizi-nasil-gelistirirsiniz","status":"publish","type":"page","link":"https:\/\/www.ingilizcemakaleyazimi.com\/?page_id=6703","title":{"rendered":"B\u00f6l\u00fcm 4: Makalenizi Nas\u0131l Geli\u015ftirirsiniz?"},"content":{"rendered":"<p style=\"text-align: center;\"><span style=\"color: #ff0000;\"><strong>SAYFA YAPIM A\u015eAMASINDA. HEN\u00dcZ SON HAL\u0130N\u0130 ALMADI.<\/strong><\/span><\/p>\n<p>&nbsp;<\/p>\n<p>Bu b\u00f6l\u00fcmde haz\u0131rlad\u0131\u011f\u0131n\u0131z makaleyi nas\u0131l geli\u015ftirebilece\u011finizden bahsediliyor. Makale haz\u0131rlarken bilmeniz gereken daha temel konular ise<span style=\"color: #ff0000;\"> <a style=\"color: #ff0000;\" href=\"https:\/\/www.ingilizcemakaleyazimi.com\/bolum-2-temel-dilbilgisi-ve-yazim-kurallari\/\">B\u00f6l\u00fcm 2: Temel Dilbilgisi ve Yaz\u0131m Kurallar\u0131<\/a><\/span> k\u0131sm\u0131nda mevcut. L\u00fctfen bu sayfay\u0131 kullanmadan \u00f6nce B\u00f6l\u00fcm 2&#8217;de bahsedilen daha temel konulara hakim oldu\u011funuzdan emin olun.<\/p>\n<p>&nbsp;<\/p>\n<span class=\"collapseomatic greenballs\" id=\"id69ed239a2c02c\"  tabindex=\"0\" title=\"&lt;strong&gt;Aktif ve pasif c\u00fcmleleri d\u00f6n\u00fc\u015f\u00fcml\u00fc olarak kullan\u0131n.&lt;\/strong&gt;\"    ><strong>Aktif ve pasif c\u00fcmleleri d\u00f6n\u00fc\u015f\u00fcml\u00fc olarak kullan\u0131n.<\/strong><\/span><div id=\"target-id69ed239a2c02c\" class=\"collapseomatic_content gb_target\">\n<p>&nbsp;<\/p>\n<p>Akademik d\u00fczeydeki metinlerde ya da resmi yaz\u0131\u015fmalarda \u201cBiz yapt\u0131k, biz inceledik, biz bulduk\u201d gibi ifadelerin kullan\u0131m\u0131 ge\u00e7mi\u015ften bu yana \u00e7ok do\u011fru bulunmad\u0131\u011f\u0131 i\u00e7in \u201cyap\u0131ld\u0131, incelendi, bulundu\u201d benzeri pasif ifadelerin kullan\u0131m\u0131 kendisine yayg\u0131n bir yer bulmu\u015ftur. Ancak pasif c\u00fcmlelerin art arda s\u0131raland\u0131\u011f\u0131 bir metin, okuma esnas\u0131nda okuyucuda rahats\u0131zl\u0131k yarat\u0131r ve bazen de metnin anla\u015f\u0131lmas\u0131n\u0131 zorla\u015ft\u0131rabilir. Bu durumu \u00f6nlemenin en etkin yolu aktif ve pasif c\u00fcmleleri metin i\u00e7erisinde d\u00f6n\u00fc\u015f\u00fcml\u00fc olarak kullanmak ve e\u011fer pasif c\u00fcmlenin okunmas\u0131 kafa kar\u0131\u015f\u0131kl\u0131\u011f\u0131na yol a\u00e7acaksa c\u00fcmleyi aktif olarak yazmakt\u0131r. A\u015fa\u011f\u0131da pasif c\u00fcmlelerin nas\u0131l aktif c\u00fcmle haline getirilebilece\u011finin yollar\u0131 anlat\u0131lmaktad\u0131r. Tam tersi y\u00f6ntemle de aktif c\u00fcmlelerinizi pasif c\u00fcmleler haline getirebilirsiniz.<\/p>\n<p>&nbsp;<\/p>\n<p><strong>Pasif bir c\u00fcmle aktif bir c\u00fcmleye nas\u0131l \u00e7evrilir?\u00a0<\/strong><\/p>\n<p>Pasif bir c\u00fcmleyi aktif c\u00fcmle hale getirmek i\u00e7in \u00fc\u00e7 basit y\u00f6ntem kullanabilirsiniz:<\/p>\n<p>1. Pasif fiil yerine s\u0131fat kullan\u0131n.<\/p>\n<p><img loading=\"lazy\" decoding=\"async\" class=\"\" src=\"https:\/\/www.ingilizcemakaleyazimi.com\/wp-content\/uploads\/2022\/02\/Pasif-fiil-yerine-sifat-kullanimi-1.jpg\" width=\"471\" height=\"201\" \/><\/p>\n<p><strong>\u00d6rnek c\u00fcmleler:<\/strong><\/p>\n<p><strong>Pasif: <\/strong>Low blood pressure and rapid heartbeat <span style=\"color: #ff0000;\">were observed<\/span> in all patients.<\/p>\n<p><strong>Aktif: <\/strong>Low blood pressure and rapid heartbeat <span style=\"color: #ff0000;\">were evident<\/span> in all patients.<\/p>\n<p><strong>\u00a0<\/strong><\/p>\n<p>2. Pasif fiilleri aktif fiillerle de\u011fi\u015ftirin.<\/p>\n<p><img loading=\"lazy\" decoding=\"async\" class=\"\" src=\"https:\/\/www.ingilizcemakaleyazimi.com\/wp-content\/uploads\/2022\/02\/Pasif-fiilleri-aktif-fiillerle-degistirmek-1.jpg\" width=\"518\" height=\"143\" \/><\/p>\n<p><strong>\u00d6rnek c\u00fcmleler: <\/strong><\/p>\n<p><strong>Pasif: <\/strong>Twenty-four patients with esophageal cancer <span style=\"color: #ff0000;\">were given radiotherapy<\/span> before surgery.<\/p>\n<p><strong>Aktif: <\/strong>Twenty-four patients with esophageal cancer <span style=\"color: #ff0000;\">received radiotherapy<\/span> before surgery.<\/p>\n<p>&nbsp;<\/p>\n<p>3. Hem isim, hem fiil formu olan kelimelerin fiil formlar\u0131n\u0131 kullan\u0131n. Kelime hem isim, hem de fiil olarak kullan\u0131labiliyorsa fiil kullan\u0131m\u0131n\u0131 tercih edin.<\/p>\n<p><img loading=\"lazy\" decoding=\"async\" class=\"\" src=\"https:\/\/www.ingilizcemakaleyazimi.com\/wp-content\/uploads\/2022\/02\/Hem-isim-hem-fiil-formu-olan-kelimeler-1.jpg\" width=\"412\" height=\"393\" \/><\/p>\n<p><strong>\u00d6rnek c\u00fcmleler:<\/strong><\/p>\n<p><strong>Pasif: <\/strong><span style=\"color: #ff0000;\">A comparison was made<\/span> between the control and the test group.<\/p>\n<p><strong>Aktif: <\/strong><span style=\"color: #ff0000;\">We compared<\/span> the control and the test group.<\/p>\n<p>&nbsp;<\/p>\n<p><strong>Pasif: <\/strong>Substance A <span style=\"color: #ff0000;\">was significantly decreased<\/span> after the addition of Substance B.<\/p>\n<p><strong>Aktif: <\/strong>The addition of Substance B <span style=\"color: #ff0000;\">significantly decreased<\/span> Substance A.<\/p>\n<\/div>\n<p>&nbsp;<\/p>\n<span class=\"collapseomatic greenballs\" id=\"id69ed239a2c124\"  tabindex=\"0\" title=\"&lt;strong&gt;Birbirini takip eden c\u00fcmlelere ayn\u0131 kelimelerle ba\u015flamay\u0131n. (YAPIM A\u015eAMASINDA)&lt;\/strong&gt;\"    ><strong>Birbirini takip eden c\u00fcmlelere ayn\u0131 kelimelerle ba\u015flamay\u0131n. (YAPIM A\u015eAMASINDA)<\/strong><\/span><div id=\"target-id69ed239a2c124\" class=\"collapseomatic_content gb_target\">\n<p>&nbsp;<\/p>\n<p><span style=\"color: #ff0000;\">Haz\u0131rlan\u0131yor.<\/span><\/p>\n<\/div>\n<p>&nbsp;<\/p>\n<span class=\"collapseomatic greenballs\" id=\"id69ed239a2c197\"  tabindex=\"0\" title=\"&lt;strong&gt;Birbirini takip eden c\u00fcmleleri ayn\u0131 kelimelerle bitirmeyin. (YAPIM A\u015eAMASINDA)&lt;\/strong&gt;\"    ><strong>Birbirini takip eden c\u00fcmleleri ayn\u0131 kelimelerle bitirmeyin. (YAPIM A\u015eAMASINDA)<\/strong><\/span><div id=\"target-id69ed239a2c197\" class=\"collapseomatic_content gb_target\">\n<p>&nbsp;<\/p>\n<p><span style=\"color: #ff0000;\">Haz\u0131rlan\u0131yor.<\/span><\/p>\n<\/div>\n<p>&nbsp;<\/p>\n<span class=\"collapseomatic greenballs\" id=\"id69ed239a2c200\"  tabindex=\"0\" title=\"&lt;strong&gt;C\u00fcmleleri fiil ile bitirmeyin. (YAPIM A\u015eAMASINDA)&lt;\/strong&gt;\"    ><strong>C\u00fcmleleri fiil ile bitirmeyin. (YAPIM A\u015eAMASINDA)<\/strong><\/span><div id=\"target-id69ed239a2c200\" class=\"collapseomatic_content gb_target\">\n<p>&nbsp;<\/p>\n<p><span style=\"color: #ff0000;\">Haz\u0131rlan\u0131yor.<\/span><\/p>\n<\/div>\n<p>&nbsp;<\/p>\n<span class=\"collapseomatic greenballs\" id=\"id69ed239a2c28d\"  tabindex=\"0\" title=\"&lt;strong&gt;Ayn\u0131 kelimeyi \u00e7ok yak\u0131n olarak tekrar kullanmay\u0131n. (YAPIM A\u015eAMASINDA)&lt;\/strong&gt;\"    ><strong>Ayn\u0131 kelimeyi \u00e7ok yak\u0131n olarak tekrar kullanmay\u0131n. (YAPIM A\u015eAMASINDA)<\/strong><\/span><div id=\"target-id69ed239a2c28d\" class=\"collapseomatic_content gb_target\">\n<p>&nbsp;<\/p>\n<p><span style=\"color: #ff0000;\">Haz\u0131rlan\u0131yor.<\/span><\/p>\n<\/div>\n<p>&nbsp;<\/p>\n<span class=\"collapseomatic greenballs\" id=\"id69ed239a2c2f5\"  tabindex=\"0\" title=\"&lt;strong&gt;&lt;em&gt;It&lt;\/em&gt;, &lt;em&gt;this&lt;\/em&gt;, &lt;em&gt;these&lt;\/em&gt;, &lt;em&gt;such &lt;\/em&gt;gibi zamirleri kullan\u0131rken c\u00fcmlede belirsizlik olmamas\u0131na dikkat edin. (YAPIM A\u015eAMASINDA)&lt;\/strong&gt;\"    ><strong><em>It<\/em>, <em>this<\/em>, <em>these<\/em>, <em>such <\/em>gibi zamirleri kullan\u0131rken c\u00fcmlede belirsizlik olmamas\u0131na dikkat edin. (YAPIM A\u015eAMASINDA)<\/strong><\/span><div id=\"target-id69ed239a2c2f5\" class=\"collapseomatic_content gb_target\">\n<p>&nbsp;<\/p>\n<p><span style=\"color: #ff0000;\">Haz\u0131rlan\u0131yor.<\/span><\/p>\n<\/div>\n<p>&nbsp;<\/p>\n<span class=\"collapseomatic greenballs\" id=\"id69ed239a2c381\"  tabindex=\"0\" title=\"&lt;strong&gt;D\u00fc\u015f\u00fcncelerinizi gruplay\u0131n. &lt;\/strong&gt;&lt;strong&gt;(YAPIM A\u015eAMASINDA)&lt;\/strong&gt;\"    ><strong>D\u00fc\u015f\u00fcncelerinizi gruplay\u0131n. <\/strong><strong>(YAPIM A\u015eAMASINDA)<\/strong><\/span><div id=\"target-id69ed239a2c381\" class=\"collapseomatic_content gb_target\">\n<p>&nbsp;<\/p>\n<p><span style=\"color: #ff0000;\">Haz\u0131rlan\u0131yor.<\/span><\/p>\n<\/div>\n<p>&nbsp;<\/p>\n<span class=\"collapseomatic greenballs\" id=\"id69ed239a2c3ee\"  tabindex=\"0\" title=\"&lt;strong&gt;Benzer kelimeleri gruplay\u0131n. &lt;\/strong&gt;&lt;strong&gt;(YAPIM A\u015eAMASINDA)&lt;\/strong&gt;\"    ><strong>Benzer kelimeleri gruplay\u0131n. <\/strong><strong>(YAPIM A\u015eAMASINDA)<\/strong><\/span><div id=\"target-id69ed239a2c3ee\" class=\"collapseomatic_content gb_target\">\n<p>&nbsp;<\/p>\n<p><span style=\"color: #ff0000;\">Haz\u0131rlan\u0131yor.<\/span><\/p>\n<\/div>\n<p>&nbsp;<\/p>\n<span class=\"collapseomatic greenballs\" id=\"id69ed239a2c458\"  tabindex=\"0\" title=\"&lt;strong&gt;Benzer \u015feyleri k\u0131yaslay\u0131n. &lt;\/strong&gt;&lt;strong&gt;(YAPIM A\u015eAMASINDA)&lt;\/strong&gt;\"    ><strong>Benzer \u015feyleri k\u0131yaslay\u0131n. <\/strong><strong>(YAPIM A\u015eAMASINDA)<\/strong><\/span><div id=\"target-id69ed239a2c458\" class=\"collapseomatic_content gb_target\">\n<p>&nbsp;<\/p>\n<p><span style=\"color: #ff0000;\">Haz\u0131rlan\u0131yor.<\/span><\/p>\n<\/div>\n<p>&nbsp;<\/p>\n<span class=\"collapseomatic greenballs\" id=\"id69ed239a2c4c1\"  tabindex=\"0\" title=\"&lt;strong&gt;\u00c7ok k\u0131sa ya da \u00e7ok uzun c\u00fcmle kullanmaktan ka\u00e7\u0131n\u0131n. &lt;\/strong&gt;&lt;strong&gt;(YAPIM A\u015eAMASINDA)&lt;\/strong&gt;\"    ><strong>\u00c7ok k\u0131sa ya da \u00e7ok uzun c\u00fcmle kullanmaktan ka\u00e7\u0131n\u0131n. <\/strong><strong>(YAPIM A\u015eAMASINDA)<\/strong><\/span><div id=\"target-id69ed239a2c4c1\" class=\"collapseomatic_content gb_target\">\n<p>&nbsp;<\/p>\n<p><span style=\"color: #ff0000;\">Haz\u0131rlan\u0131yor.<\/span><\/p>\n<\/div>\n<p>&nbsp;<\/p>\n<span class=\"collapseomatic greenballs\" id=\"id69ed239a2c52e\"  tabindex=\"0\" title=\"&lt;strong&gt;Kelime tekrar\u0131 yapmamaya dikkat edin. (YAPIM A\u015eAMASINDA)&lt;\/strong&gt;\"    ><strong>Kelime tekrar\u0131 yapmamaya dikkat edin. (YAPIM A\u015eAMASINDA)<\/strong><\/span><div id=\"target-id69ed239a2c52e\" class=\"collapseomatic_content gb_target\">\n<p>&nbsp;<\/p>\n<p><span style=\"color: #ff0000;\">Haz\u0131rlan\u0131yor.<\/span><\/p>\n<\/div>\n<p>&nbsp;<\/p>\n<span class=\"collapseomatic greenballs\" id=\"id69ed239a2c58e\"  tabindex=\"0\" title=\"&lt;strong&gt;Gereksiz kelimeler kullanmaktan ka\u00e7\u0131n\u0131n.&lt;\/strong&gt; &lt;strong&gt;(YAPIM A\u015eAMASINDA)&lt;\/strong&gt;\"    ><strong>Gereksiz kelimeler kullanmaktan ka\u00e7\u0131n\u0131n.<\/strong> <strong>(YAPIM A\u015eAMASINDA)<\/strong><\/span><div id=\"target-id69ed239a2c58e\" class=\"collapseomatic_content gb_target\">\n<p>&nbsp;<\/p>\n<p><span style=\"color: #ff0000;\">Haz\u0131rlan\u0131yor.<\/span><\/p>\n<\/div>\n<p>&nbsp;<\/p>\n<span class=\"collapseomatic greenballs\" id=\"id69ed239a2c5f7\"  tabindex=\"0\" title=\"&lt;strong&gt;A\u015f\u0131r\u0131 e\u015f anlaml\u0131 (&lt;em&gt;synonym&lt;\/em&gt;) kullan\u0131m\u0131ndan ka\u00e7\u0131n\u0131n. (YAPIM A\u015eAMASINDA)&lt;\/strong&gt;\"    ><strong>A\u015f\u0131r\u0131 e\u015f anlaml\u0131 (<em>synonym<\/em>) kullan\u0131m\u0131ndan ka\u00e7\u0131n\u0131n. (YAPIM A\u015eAMASINDA)<\/strong><\/span><div id=\"target-id69ed239a2c5f7\" class=\"collapseomatic_content gb_target\">\n<p>&nbsp;<\/p>\n<p><span style=\"color: #ff0000;\">Haz\u0131rlan\u0131yor.<\/span><\/p>\n<\/div>\n<p>&nbsp;<\/p>\n<span class=\"collapseomatic greenballs\" id=\"id69ed239a2c686\"  tabindex=\"0\" title=\"&lt;strong&gt;G\u00fc\u00e7l\u00fc ve net fiiller kullan\u0131n. &lt;\/strong&gt;&lt;strong&gt;(YAPIM A\u015eAMASINDA)&lt;\/strong&gt;\"    ><strong>G\u00fc\u00e7l\u00fc ve net fiiller kullan\u0131n. <\/strong><strong>(YAPIM A\u015eAMASINDA)<\/strong><\/span><div id=\"target-id69ed239a2c686\" class=\"collapseomatic_content gb_target\">\n<p>&nbsp;<\/p>\n<p><span style=\"color: #ff0000;\">Haz\u0131rlan\u0131yor.<\/span><\/p>\n<\/div>\n<p>&nbsp;<\/p>\n<span class=\"collapseomatic greenballs\" id=\"id69ed239a2c6f1\"  tabindex=\"0\" title=\"&lt;strong&gt;C\u00fcmlede istedi\u011finiz vurguyu sa\u011flayabilmek i\u00e7in kelimelerin s\u0131ralamas\u0131na dikkat edin. (YAPIM A\u015eAMASINDA)&lt;\/strong&gt;\"    ><strong>C\u00fcmlede istedi\u011finiz vurguyu sa\u011flayabilmek i\u00e7in kelimelerin s\u0131ralamas\u0131na dikkat edin. (YAPIM A\u015eAMASINDA)<\/strong><\/span><div id=\"target-id69ed239a2c6f1\" class=\"collapseomatic_content gb_target\">\n<p>&nbsp;<\/p>\n<p><span style=\"color: #ff0000;\">Haz\u0131rlan\u0131yor.<\/span><\/p>\n<\/div>\n<p>&nbsp;<\/p>\n<span class=\"collapseomatic greenballs\" id=\"id69ed239a2c753\"  tabindex=\"0\" title=\"&lt;strong&gt;Herkes taraf\u0131ndan farkl\u0131 yorumlanabilecek belirsiz ifadeler kullanmay\u0131n, net olun.&lt;\/strong&gt; &lt;strong&gt;(YAPIM A\u015eAMASINDA)&lt;\/strong&gt;\"    ><strong>Herkes taraf\u0131ndan farkl\u0131 yorumlanabilecek belirsiz ifadeler kullanmay\u0131n, net olun.<\/strong> <strong>(YAPIM A\u015eAMASINDA)<\/strong><\/span><div id=\"target-id69ed239a2c753\" class=\"collapseomatic_content gb_target\">\n<p>&nbsp;<\/p>\n<p><span style=\"color: #ff0000;\">Haz\u0131rlan\u0131yor.<\/span><\/p>\n<\/div>\n<p>&nbsp;<\/p>\n<span class=\"collapseomatic greenballs\" id=\"id69ed239a2c7bc\"  tabindex=\"0\" title=\"&lt;strong&gt;Hatal\u0131 paralellikler kurmaktan ka\u00e7\u0131n\u0131n. (YAPIM A\u015eAMASINDA)&lt;\/strong&gt;\"    ><strong>Hatal\u0131 paralellikler kurmaktan ka\u00e7\u0131n\u0131n. (YAPIM A\u015eAMASINDA)<\/strong><\/span><div id=\"target-id69ed239a2c7bc\" class=\"collapseomatic_content gb_target\">\n<p>&nbsp;<\/p>\n<p><span style=\"color: #ff0000;\">Haz\u0131rlan\u0131yor.<\/span><\/p>\n<\/div>\n<p>&nbsp;<\/p>\n<span class=\"collapseomatic greenballs\" id=\"id69ed239a2c833\"  tabindex=\"0\" title=\"&lt;strong&gt;Pozitif bir anlam vermek i\u00e7in iki negatif kullanmay\u0131n. (YAPIM A\u015eAMASINDA)&lt;\/strong&gt;\"    ><strong>Pozitif bir anlam vermek i\u00e7in iki negatif kullanmay\u0131n. (YAPIM A\u015eAMASINDA)<\/strong><\/span><div id=\"target-id69ed239a2c833\" class=\"collapseomatic_content gb_target\">\n<p>&nbsp;<\/p>\n<p><span style=\"color: #ff0000;\">Haz\u0131rlan\u0131yor.<\/span><\/p>\n<\/div>\n<p>&nbsp;<\/p>\n<span class=\"collapseomatic greenballs\" id=\"id69ed239a2c896\"  tabindex=\"0\" title=\"&lt;strong&gt;&lt;em&gt;Not&lt;\/em&gt; kelimesinin a\u015f\u0131r\u0131 kullan\u0131m\u0131ndan ka\u00e7\u0131n\u0131n.&lt;\/strong&gt; &lt;strong&gt;(YAPIM A\u015eAMASINDA)&lt;\/strong&gt;\"    ><strong><em>Not<\/em> kelimesinin a\u015f\u0131r\u0131 kullan\u0131m\u0131ndan ka\u00e7\u0131n\u0131n.<\/strong> <strong>(YAPIM A\u015eAMASINDA)<\/strong><\/span><div id=\"target-id69ed239a2c896\" class=\"collapseomatic_content gb_target\">\n<p>&nbsp;<\/p>\n<p><span style=\"color: #ff0000;\">Haz\u0131rlan\u0131yor.<\/span><\/p>\n<\/div>\n<p>&nbsp;<\/p>\n<span class=\"collapseomatic greenballs\" id=\"id69ed239a2c90a\"  tabindex=\"0\" title=\"&lt;strong&gt;A\u015f\u0131r\u0131 &lt;em&gt;phrasal verb&lt;\/em&gt; kullan\u0131m\u0131ndan ka\u00e7\u0131n\u0131n.&lt;\/strong&gt; &lt;strong&gt;(YAPIM A\u015eAMASINDA)&lt;\/strong&gt;\"    ><strong>A\u015f\u0131r\u0131 <em>phrasal verb<\/em> kullan\u0131m\u0131ndan ka\u00e7\u0131n\u0131n.<\/strong> <strong>(YAPIM A\u015eAMASINDA)<\/strong><\/span><div id=\"target-id69ed239a2c90a\" class=\"collapseomatic_content gb_target\">\n<p>&nbsp;<\/p>\n<p><span style=\"color: #ff0000;\">Haz\u0131rlan\u0131yor.<\/span><\/p>\n<\/div>\n<p>&nbsp;<\/p>\n<span class=\"collapseomatic greenballs\" id=\"id69ed239a2c97d\"  tabindex=\"0\" title=\"&lt;strong&gt;S\u00fcrekli zaman (&lt;em&gt;continuous tense&lt;\/em&gt;) kullanmaktan ka\u00e7\u0131n\u0131n: (YAPIM A\u015eAMASINDA)&lt;\/strong&gt;\"    ><strong>S\u00fcrekli zaman (<em>continuous tense<\/em>) kullanmaktan ka\u00e7\u0131n\u0131n: (YAPIM A\u015eAMASINDA)<\/strong><\/span><div id=\"target-id69ed239a2c97d\" class=\"collapseomatic_content gb_target\">\n<p>&nbsp;<\/p>\n<p><span style=\"color: #ff0000;\">Haz\u0131rlan\u0131yor.<\/span><\/p>\n<\/div>\n<p>&nbsp;<\/p>\n<span class=\"collapseomatic greenballs\" id=\"id69ed239a2c9e7\"  tabindex=\"0\" title=\"&lt;strong&gt;\u00c7ok uzun isim tamlamalar\u0131ndan ka\u00e7\u0131n\u0131n. (YAPIM A\u015eAMASINDA)&lt;\/strong&gt;\"    ><strong>\u00c7ok uzun isim tamlamalar\u0131ndan ka\u00e7\u0131n\u0131n. (YAPIM A\u015eAMASINDA)<\/strong><\/span><div id=\"target-id69ed239a2c9e7\" class=\"collapseomatic_content gb_target\">\n<p>&nbsp;<\/p>\n<p><span style=\"color: #ff0000;\">Haz\u0131rlan\u0131yor.<\/span><\/p>\n<\/div>\n<p>&nbsp;<\/p>\n<span class=\"collapseomatic greenballs\" id=\"id69ed239a2ca6c\"  tabindex=\"0\" title=\"&lt;strong&gt;S\u0131fatlar\u0131 e\u011fer m\u00fcmk\u00fcnse isimlerden \u00f6nce kullanmaya \u00e7al\u0131\u015f\u0131n. (YAPIM A\u015eAMASINDA)&lt;\/strong&gt;\"    ><strong>S\u0131fatlar\u0131 e\u011fer m\u00fcmk\u00fcnse isimlerden \u00f6nce kullanmaya \u00e7al\u0131\u015f\u0131n. (YAPIM A\u015eAMASINDA)<\/strong><\/span><div id=\"target-id69ed239a2ca6c\" class=\"collapseomatic_content gb_target\">\n<p>&nbsp;<\/p>\n<p><span style=\"color: #ff0000;\">Haz\u0131rlan\u0131yor.<\/span><\/p>\n<\/div>\n","protected":false},"excerpt":{"rendered":"<p>SAYFA YAPIM A\u015eAMASINDA. HEN\u00dcZ SON HAL\u0130N\u0130 ALMADI. &nbsp; Bu b\u00f6l\u00fcmde haz\u0131rlad\u0131\u011f\u0131n\u0131z makaleyi nas\u0131l geli\u015ftirebilece\u011finizden bahsediliyor. Makale haz\u0131rlarken bilmeniz gereken daha temel konular ise B\u00f6l\u00fcm 2: Temel Dilbilgisi ve Yaz\u0131m Kurallar\u0131 [&hellip;]<\/p>\n","protected":false},"author":1,"featured_media":0,"parent":0,"menu_order":0,"comment_status":"closed","ping_status":"closed","template":"","meta":{"footnotes":""},"class_list":["post-6703","page","type-page","status-publish","hentry"],"jetpack_sharing_enabled":true,"_links":{"self":[{"href":"https:\/\/www.ingilizcemakaleyazimi.com\/index.php?rest_route=\/wp\/v2\/pages\/6703","targetHints":{"allow":["GET"]}}],"collection":[{"href":"https:\/\/www.ingilizcemakaleyazimi.com\/index.php?rest_route=\/wp\/v2\/pages"}],"about":[{"href":"https:\/\/www.ingilizcemakaleyazimi.com\/index.php?rest_route=\/wp\/v2\/types\/page"}],"author":[{"embeddable":true,"href":"https:\/\/www.ingilizcemakaleyazimi.com\/index.php?rest_route=\/wp\/v2\/users\/1"}],"replies":[{"embeddable":true,"href":"https:\/\/www.ingilizcemakaleyazimi.com\/index.php?rest_route=%2Fwp%2Fv2%2Fcomments&post=6703"}],"version-history":[{"count":12,"href":"https:\/\/www.ingilizcemakaleyazimi.com\/index.php?rest_route=\/wp\/v2\/pages\/6703\/revisions"}],"predecessor-version":[{"id":7127,"href":"https:\/\/www.ingilizcemakaleyazimi.com\/index.php?rest_route=\/wp\/v2\/pages\/6703\/revisions\/7127"}],"wp:attachment":[{"href":"https:\/\/www.ingilizcemakaleyazimi.com\/index.php?rest_route=%2Fwp%2Fv2%2Fmedia&parent=6703"}],"curies":[{"name":"wp","href":"https:\/\/api.w.org\/{rel}","templated":true}]}}